{"id":2431,"date":"2021-10-13T17:07:21","date_gmt":"2021-10-13T16:07:21","guid":{"rendered":"https:\/\/nutriconsult.pt\/sobre-nos\/"},"modified":"2022-01-28T15:32:04","modified_gmt":"2022-01-28T15:32:04","slug":"sobre-nos","status":"publish","type":"page","link":"https:\/\/nutriconsult.pt\/es\/sobre-nos\/","title":{"rendered":"Sobre nosotros"},"content":{"rendered":"<div class=\"fusion-fullwidth fullwidth-box fusion-builder-row-1 fusion-flex-container nonhundred-percent-fullwidth non-hundred-percent-height-scrolling\" style=\"--awb-border-radius-top-left:0px;--awb-border-radius-top-right:0px;--awb-border-radius-bottom-right:0px;--awb-border-radius-bottom-left:0px;--awb-flex-wrap:wrap;\" ><div class=\"fusion-builder-row fusion-row fusion-flex-align-items-flex-start fusion-flex-content-wrap\" style=\"max-width:1248px;margin-left: calc(-4% \/ 2 );margin-right: calc(-4% \/ 2 );\"><div class=\"fusion-layout-column fusion_builder_column fusion-builder-column-0 fusion_builder_column_1_2 1_2 fusion-flex-column\" style=\"--awb-bg-size:cover;--awb-width-large:50%;--awb-margin-top-large:0px;--awb-spacing-right-large:3.84%;--awb-margin-bottom-large:0px;--awb-spacing-left-large:3.84%;--awb-width-medium:50%;--awb-spacing-right-medium:3.84%;--awb-spacing-left-medium:3.84%;--awb-width-small:100%;--awb-spacing-right-small:1.92%;--awb-spacing-left-small:1.92%;\"><div class=\"fusion-column-wrapper fusion-flex-justify-content-flex-start fusion-content-layout-column\"><div class=\"fusion-text fusion-text-1\"><p>Desde su fundaci\u00f3n, en 1998, NUTRICONSULT defini\u00f3 como principio b\u00e1sico una estrategia de innovaci\u00f3n para hacer frente a los retos que la agricultura y la ganader\u00eda tienen en el siglo XXI.<\/p>\n<p>Estos retos incluyen el desarrollo de soluciones t\u00e9cnicas y econ\u00f3micas para maximizar la rentabilidad de la explotaci\u00f3n, garantizando la calidad y seguridad de los alimentos para los consumidores, respetando y contribuyendo a la mejora del bienestar animal, todo ello en perfecta armon\u00eda con el sistema ecol\u00f3gico en el que se encuentran las explotaciones.<\/p>\n<p>Con esta filosof\u00eda en mente, hemos establecido acuerdos de colaboraci\u00f3n con las principales empresas de investigaci\u00f3n europeas.<\/p>\n<p>Estas asociaciones permiten desarrollar productos y soluciones innovadoras adaptadas a las diferentes condiciones clim\u00e1ticas y ecosistemas en los que se encuentran las explotaciones.<\/p>\n<p>De este modo, es posible reducir el uso de antibi\u00f3ticos en la alimentaci\u00f3n animal, minimizando el riesgo de residuos en los productos ganaderos, mediante el uso de aceites esenciales, \u00e1cidos org\u00e1nicos y probi\u00f3ticos, reduciendo los niveles de f\u00f3sforo, amon\u00edaco y otros contaminantes en los efluentes de las explotaciones, mediante el uso racional de los nutrientes. En resumen, maximizar los beneficios reduciendo la contaminaci\u00f3n ambiental.<\/p>\n<p>En el \u00e1mbito de los grandes cultivos, un mejor conocimiento de la fisiolog\u00eda de las plantas ha permitido el uso de productos como los extractos de algas en sustituci\u00f3n de las fitohormonas, la utilizaci\u00f3n de elementos con un mayor grado de pureza y una mayor absorci\u00f3n a trav\u00e9s de los tejidos foliares, lo que permite menores dosis de aplicaci\u00f3n y, por lo tanto, una menor carga de contaminantes en el suelo.<\/p>\n<p>Creemos que con nuestro esfuerzo conjunto podemos contribuir a una agricultura m\u00e1s rentable y a un medio ambiente m\u00e1s verde.<\/p>\n<p>Por todo ello, cuente con nosotros para un <strong><em>entorno m\u00e1s ecol\u00f3gico<\/em><\/strong><\/p>\n<\/div><\/div><\/div><div class=\"fusion-layout-column fusion_builder_column fusion-builder-column-1 fusion_builder_column_1_2 1_2 fusion-flex-column\" style=\"--awb-bg-size:cover;--awb-width-large:50%;--awb-margin-top-large:0px;--awb-spacing-right-large:3.84%;--awb-margin-bottom-large:0px;--awb-spacing-left-large:3.84%;--awb-width-medium:50%;--awb-spacing-right-medium:3.84%;--awb-spacing-left-medium:3.84%;--awb-width-small:100%;--awb-spacing-right-small:1.92%;--awb-spacing-left-small:1.92%;\"><div class=\"fusion-column-wrapper fusion-flex-justify-content-flex-start fusion-content-layout-column\"><div class=\"fusion-image-element \" style=\"--awb-caption-title-font-family:var(--h2_typography-font-family);--awb-caption-title-font-weight:var(--h2_typography-font-weight);--awb-caption-title-font-style:var(--h2_typography-font-style);--awb-caption-title-size:var(--h2_typography-font-size);--awb-caption-title-transform:var(--h2_typography-text-transform);--awb-caption-title-line-height:var(--h2_typography-line-height);--awb-caption-title-letter-spacing:var(--h2_typography-letter-spacing);\"><span class=\" fusion-imageframe imageframe-none imageframe-1 hover-type-none\"><img decoding=\"async\" width=\"580\" height=\"630\" title=\"Nutriconsult_imagem_sobre-nos\" src=\"https:\/\/nutriconsult.pt\/wp-content\/uploads\/2021\/12\/Nutriconsult_imagem_sobre-nos.jpg\" alt class=\"img-responsive wp-image-2393\" srcset=\"https:\/\/nutriconsult.pt\/wp-content\/uploads\/2021\/12\/Nutriconsult_imagem_sobre-nos-200x217.jpg 200w, https:\/\/nutriconsult.pt\/wp-content\/uploads\/2021\/12\/Nutriconsult_imagem_sobre-nos-400x434.jpg 400w, https:\/\/nutriconsult.pt\/wp-content\/uploads\/2021\/12\/Nutriconsult_imagem_sobre-nos.jpg 580w\" sizes=\"(max-width: 640px) 100vw, 580px\" \/><\/span><\/div><\/div><\/div><\/div><\/div>\n","protected":false},"excerpt":{"rendered":"","protected":false},"author":1,"featured_media":0,"parent":0,"menu_order":0,"comment_status":"closed","ping_status":"closed","template":"","meta":{"footnotes":""},"class_list":["post-2431","page","type-page","status-publish","hentry"],"_links":{"self":[{"href":"https:\/\/nutriconsult.pt\/es\/wp-json\/wp\/v2\/pages\/2431","targetHints":{"allow":["GET"]}}],"collection":[{"href":"https:\/\/nutriconsult.pt\/es\/wp-json\/wp\/v2\/pages"}],"about":[{"href":"https:\/\/nutriconsult.pt\/es\/wp-json\/wp\/v2\/types\/page"}],"author":[{"embeddable":true,"href":"https:\/\/nutriconsult.pt\/es\/wp-json\/wp\/v2\/users\/1"}],"replies":[{"embeddable":true,"href":"https:\/\/nutriconsult.pt\/es\/wp-json\/wp\/v2\/comments?post=2431"}],"version-history":[{"count":5,"href":"https:\/\/nutriconsult.pt\/es\/wp-json\/wp\/v2\/pages\/2431\/revisions"}],"predecessor-version":[{"id":2855,"href":"https:\/\/nutriconsult.pt\/es\/wp-json\/wp\/v2\/pages\/2431\/revisions\/2855"}],"wp:attachment":[{"href":"https:\/\/nutriconsult.pt\/es\/wp-json\/wp\/v2\/media?parent=2431"}],"curies":[{"name":"wp","href":"https:\/\/api.w.org\/{rel}","templated":true}]}}