{"id":2799,"date":"2021-12-20T11:07:53","date_gmt":"2021-12-20T11:07:53","guid":{"rendered":"https:\/\/nutriconsult.pt\/politica-de-privacidade\/"},"modified":"2022-01-14T14:22:32","modified_gmt":"2022-01-14T14:22:32","slug":"politica-de-privacidade","status":"publish","type":"page","link":"https:\/\/nutriconsult.pt\/es\/politica-de-privacidade\/","title":{"rendered":"Politica de Privacidade"},"content":{"rendered":"<div class=\"fusion-fullwidth fullwidth-box fusion-builder-row-1 fusion-flex-container nonhundred-percent-fullwidth non-hundred-percent-height-scrolling\" style=\"--awb-border-radius-top-left:0px;--awb-border-radius-top-right:0px;--awb-border-radius-bottom-right:0px;--awb-border-radius-bottom-left:0px;--awb-flex-wrap:wrap;\" ><div class=\"fusion-builder-row fusion-row fusion-flex-align-items-center fusion-flex-content-wrap\" style=\"max-width:1248px;margin-left: calc(-4% \/ 2 );margin-right: calc(-4% \/ 2 );\"><div class=\"fusion-layout-column fusion_builder_column fusion-builder-column-0 fusion_builder_column_1_1 1_1 fusion-flex-column\" style=\"--awb-bg-size:cover;--awb-width-large:100%;--awb-margin-top-large:0px;--awb-spacing-right-large:1.92%;--awb-margin-bottom-large:20px;--awb-spacing-left-large:1.92%;--awb-width-medium:100%;--awb-order-medium:0;--awb-spacing-right-medium:1.92%;--awb-spacing-left-medium:1.92%;--awb-width-small:100%;--awb-order-small:0;--awb-spacing-right-small:1.92%;--awb-spacing-left-small:1.92%;\"><div class=\"fusion-column-wrapper fusion-column-has-shadow fusion-flex-justify-content-flex-start fusion-content-layout-column\"><div class=\"fusion-text fusion-text-1\"><p>POL\u00cdTICA DE PRIVACIDADE<\/p>\n<p>Por favor leia com aten\u00e7\u00e3o a nossa Pol\u00edtica de Cookies e Politica de Privacidade. Caso n\u00e3o concorde com a mesma n\u00e3o dever\u00e1 usar o presente Website.<\/p>\n<p>A presente Pol\u00edtica de Cookies e Pol\u00edtica de Privacidade enuncia as formas de recolha e utiliza\u00e7\u00e3o dos dados pessoais, assim como as medidas de salvaguarda e seguran\u00e7a adotadas no tratamento dos mesmos.<\/p>\n<p>A NUTRICONSULT-NUTRI\u00c7\u00c3O ANIMAL, LDA, em nome de ABILIO POMPEU TENDINHA DA SILVA,<\/p>\n<p>NIF 504160575 daqui em diante designada NUTRICONSULT LDA, reconhece a import\u00e2ncia da privacidade. Nunca venderemos a sua informa\u00e7\u00e3o para terceiros, sejam eles particulares ou empresas.<\/p>\n<p>O website www.nutriconsult.pt \u00e9 propriedade da NUTRICONSULT, LDA com sede em Rua Marqu\u00eas de Pombal, 48 Piso 1 Sala 8, 3880-251 OVAR.<\/p>\n<p>POL\u00cdTICA DE COOKIES<\/p>\n<p>A NUTRICONSULT, LDA utiliza cookies que ajudam a oferecer-lhe um melhor servi\u00e7o e experi\u00eancia como utilizador do nosso site. Ao navegar no nosso site concorda com a utiliza\u00e7\u00e3o de cookies.<\/p>\n<p>Para garantir que o nosso site apresenta uma boa experi\u00eancia de navega\u00e7\u00e3o para os visitantes e disponibilizar um servi\u00e7o mais personalizado, o nosso servidor utiliza cookies (pequenos ficheiros informativos) para recolher e guardar informa\u00e7\u00e3o.<\/p>\n<p>Caso pretenda, poder\u00e1 desativar esta configura\u00e7\u00e3o no seu navegador, com preju\u00edzo de limitar acesso a determinadas \u00e1reas do site ou de receber informa\u00e7\u00e3o personalizada.<\/p>\n<p>A utiliza\u00e7\u00e3o de cookies \u00e9 uma pr\u00e1tica corrente na generalidade dos sites com o objetivo de poupar tempo ao utilizador e facilitar a navega\u00e7\u00e3o.<\/p>\n<p>A NUTRICONSULT, LDA poder\u00e1 utilizar cookies com a finalidade de recolher informa\u00e7\u00e3o durante a sua visita ao site, tais como as zonas que visita e as atividades em que participa. Estes ficheiros s\u00e3o usados para evitar que o visitante tenha de introduzir repetidamente a sua informa\u00e7\u00e3o pessoal, facilitar a navega\u00e7\u00e3o e a personaliza\u00e7\u00e3o do servi\u00e7o. Os cookies poder\u00e3o ser utilizados para ajudar nas suas utiliza\u00e7\u00f5es futuras na aplica\u00e7\u00e3o. Uma vez que o computador consegue identificar a informa\u00e7\u00e3o pessoal que j\u00e1 foi disponibilizada, n\u00e3o lhe ser\u00e1 pedida novamente informa\u00e7\u00e3o j\u00e1 anteriormente disponibilizada.<\/p>\n<p>O utilizador pode aceitar ou eliminar os cookies. A maioria dos navegadores ou aplica\u00e7\u00f5es de navega\u00e7\u00e3o na Internet aceita cookies automaticamente. Caso o utilizador n\u00e3o pretenda utilizar cookies dever\u00e1 alterar as defini\u00e7\u00f5es do seu navegador relativamente \u00e0 aceita\u00e7\u00e3o ou n\u00e3o de cookies.<\/p>\n<p>POL\u00cdTICA DE PRIVACIDADE<\/p>\n<p>Recolha de Informa\u00e7\u00e3o<\/p>\n<p>Sempre que for necess\u00e1rio a recolha de informa\u00e7\u00e3o pessoal, a utiliza\u00e7\u00e3o dessa mesma informa\u00e7\u00e3o ser\u00e1 efetuada no cumprimento dos termos da legisla\u00e7\u00e3o aplic\u00e1vel, Regulamento (UE) 2016\/679 do Parlamento Europeu e do Conselho, de 27 de abril de 2016, \u00e9 garantido ao titular dos dados o direito de acesso, retifica\u00e7\u00e3o, altera\u00e7\u00e3o, elimina\u00e7\u00e3o e portabilidade dos seus dados pessoais, mediante pedido escrito para a entidade respons\u00e1vel, remetido por correio registado para Rua Marqu\u00eas de Pombal 48, Piso 1 Sala 8, 3880-251 OVAER ou por correio eletr\u00f3nico dirigido a info@nutriconsult.pt.<\/p>\n<p>O titular dos dados pode, ainda, apresentar reclama\u00e7\u00e3o junto da CNPD ou de outra autoridade de controlo nacional.<\/p>\n<p>Toda a informa\u00e7\u00e3o recolhida \u00e9 cedida de forma volunt\u00e1ria seja via website, formul\u00e1rios online, question\u00e1rios, promo\u00e7\u00f5es de servi\u00e7os e\/ou passatempos. A NUTRICONSULT, LDA recolhe dados pessoais, tais como nomes, moradas, e-mails, n\u00fameros de telefone, endere\u00e7o IP, dados demogr\u00e1ficos e sobre estilos de vida para os fins que adiante se encontram indicados. A entidade respons\u00e1vel pela recolha e tratamento dos dados pessoais \u00e9 a NUTRICONSULT, LDA.<\/p>\n<p>Utiliza\u00e7\u00e3o da Informa\u00e7\u00e3o Recolhida<\/p>\n<p>A NUTRICONSULT, LDA compromete-se a cumprir as normas de tratamento de dados pessoais em vigor em Portugal.<\/p>\n<p>A informa\u00e7\u00e3o obtida poder\u00e1 ser utilizada pela NUTRICONSULT, LDA, para enviar informa\u00e7\u00e3o sobre marketing ou a\u00e7\u00f5es comerciais desenvolvidas para o efeito.<\/p>\n<p>Os dados recolhidos destinam-se exclusivamente a uso da NUTRICONSULT, LDA, por forma a dar seguimento aos pedidos efetuados atrav\u00e9s desta p\u00e1gina web, sendo garantida a privacidade e prote\u00e7\u00e3o dos dados dos utilizadores.<\/p>\n<\/p>\n<p>A NUTRICONSULT, LDA pode ceder a informa\u00e7\u00e3o pessoal do utilizador a outras empresas, quando necessitar de o fazer para lhe fornecer um produto ou servi\u00e7o, sendo garantido que apenas \u00e9 partilhada a informa\u00e7\u00e3o m\u00ednima necess\u00e1ria para a satisfa\u00e7\u00e3o do pedido.<\/p>\n<p>Direito de Aceso, Retifica\u00e7\u00e3o, Cancelamento e Oposi\u00e7\u00e3o<\/p>\n<p>Em conformidade com o Regulamento (UE) 2016\/679 do Parlamento Europeu e do Conselho, de 27 de abril de 2016, qualquer pessoa pode solicitar o acesso aos respetivos dados pessoais, podendo tomar conhecimento do seu teor, bem como, exigir a sua retifica\u00e7\u00e3o, atualiza\u00e7\u00e3o ou solicitar a sua destrui\u00e7\u00e3o, por pedido escrito dirigido ao Gerador para o endere\u00e7o de email: info@nutriconsult.pt.<\/p>\n<p>Seguran\u00e7a e Prote\u00e7\u00e3o de Dados<\/p>\n<p>A NUTRICONSULT, LDA compromete-se a adotar as medidas de seguran\u00e7a necess\u00e1rias para garantir a salvaguarda dos dados pessoais dos utilizadores contra a sua eventual utiliza\u00e7\u00e3o abusiva ou contra o acesso n\u00e3o autorizado.<\/p>\n<p>N\u00e3o obstante e, n\u00e3o sendo a internet um meio de comunica\u00e7\u00e3o 100% seguro, a NUTRICONSULT, LDA n\u00e3o poder\u00e1 garantir a seguran\u00e7a de qualquer informa\u00e7\u00e3o que divulgue online, nem se responsabilizar por perdas ou danos causados ao utilizador como consequ\u00eancia da perda de confidencialidade da informa\u00e7\u00e3o.<\/p>\n<p>Responsabilidade<\/p>\n<p>Nesta p\u00e1gina web os utilizadores poder\u00e3o encontrar links que o reencaminham para outras p\u00e1ginas web fora do dom\u00ednio dos servidores da NUTRICONSULT, LDA que poder\u00e3o eles pr\u00f3prios recolher dados ou solicitar informa\u00e7\u00e3o pessoal. A presente Pol\u00edtica de Privacidade n\u00e3o se aplica a sites terceiros, pelo que, dever\u00e1 ler a Pol\u00edtica de Privacidade dos sites terceiros que visitar, sendo que n\u00e3o nos responsabilizamos pelo conte\u00fado e informa\u00e7\u00e3o presente nesses mesmos sites.<\/p>\n<p>Concord\u00e2ncia da Pol\u00edtica de Privacidade<\/p>\n<p>Entende-se que o utilizador aceita as condi\u00e7\u00f5es desta pol\u00edtica de privacidade ao introduzir os seus dados. O preenchimento dos formul\u00e1rios sup\u00f5e o consentimento por parte do utilizador do tratamento automatizado e utiliza\u00e7\u00e3o dos dados de acordo com as condi\u00e7\u00f5es de privacidade descritas neste documento.<\/p>\n<p>Altera\u00e7\u00f5es \u00e0 Pol\u00edtica de Privacidade<\/p>\n<p>A NUTRICONSULT, LDA reserva-se ao direito de, a qualquer momento, atualizar ou rever a presente Pol\u00edtica de Privacidade a fim de a ajustar a eventuais altera\u00e7\u00f5es legislativas e\/ou outros condicionalismos. Qualquer altera\u00e7\u00e3o efetuada ser\u00e1 publicada neste espa\u00e7o, pelo que o utilizador dever\u00e1 visitar frequentemente esta \u00e1rea no sentido de se manter informado sobre a Pol\u00edtica de Privacidade em vigor.<\/p>\n<p>Ovar, Janeiro de 2022<\/p>\n<\/div><\/div><\/div><\/div><\/div>\n","protected":false},"excerpt":{"rendered":"","protected":false},"author":1,"featured_media":0,"parent":0,"menu_order":0,"comment_status":"closed","ping_status":"closed","template":"","meta":{"footnotes":""},"class_list":["post-2799","page","type-page","status-publish","hentry"],"_links":{"self":[{"href":"https:\/\/nutriconsult.pt\/es\/wp-json\/wp\/v2\/pages\/2799","targetHints":{"allow":["GET"]}}],"collection":[{"href":"https:\/\/nutriconsult.pt\/es\/wp-json\/wp\/v2\/pages"}],"about":[{"href":"https:\/\/nutriconsult.pt\/es\/wp-json\/wp\/v2\/types\/page"}],"author":[{"embeddable":true,"href":"https:\/\/nutriconsult.pt\/es\/wp-json\/wp\/v2\/users\/1"}],"replies":[{"embeddable":true,"href":"https:\/\/nutriconsult.pt\/es\/wp-json\/wp\/v2\/comments?post=2799"}],"version-history":[{"count":1,"href":"https:\/\/nutriconsult.pt\/es\/wp-json\/wp\/v2\/pages\/2799\/revisions"}],"predecessor-version":[{"id":2802,"href":"https:\/\/nutriconsult.pt\/es\/wp-json\/wp\/v2\/pages\/2799\/revisions\/2802"}],"wp:attachment":[{"href":"https:\/\/nutriconsult.pt\/es\/wp-json\/wp\/v2\/media?parent=2799"}],"curies":[{"name":"wp","href":"https:\/\/api.w.org\/{rel}","templated":true}]}}