{"id":2440,"date":"2021-12-17T12:09:52","date_gmt":"2021-12-17T12:09:52","guid":{"rendered":"https:\/\/nutriconsult.pt\/produto\/red-lite\/"},"modified":"2021-12-17T12:09:52","modified_gmt":"2021-12-17T12:09:52","slug":"red-lite","status":"publish","type":"product","link":"https:\/\/nutriconsult.pt\/es\/produto\/red-lite\/","title":{"rendered":"Red Lite"},"content":{"rendered":"<p><span style=\"color: #94c01e; font-size: 20px;\">Caracter\u00edsticas<\/span><br \/>\n&#8211; Mistura \u00fanica de terra de diatom\u00e1ceas e silicatos<br \/>\n&#8211; Arestas microsc\u00f3picas afiadas com grande adesividade<br \/>\n&#8211; Adere a jaulas met\u00e1licas, silos e caixas de armazenamento<br \/>\n&#8211; Mais abrasivo e efectivo que a s\u00edlica gel<br \/>\n&#8211; Aprovado como aditivo alimentar<\/p>\n<p><span style=\"color: #94c01e; font-size: 20px;\">Principais benef\u00edcios<\/span><br \/>\n&#8211; Elimina insectos e \u00e1caros por dissec\u00e7\u00e3o sem recurso a pesticidas qu\u00edmicos<br \/>\n&#8211; N\u00e3o induz a resist\u00eancias<br \/>\n&#8211; Seguro para o ambiente, animais e operadores<br \/>\n&#8211; Sem intervalo de seguran\u00e7a e risco de resist\u00eancias<\/p>\n<p><span style=\"color: #94c01e; font-size: 20px;\">Dose de utiliza\u00e7\u00e3o<\/span><br \/>\n&#8211; Infesta\u00e7\u00e3o ligeira: 20 gr por m2<br \/>\n&#8211; Infesta\u00e7\u00e3o grave: 30 gr por m2<br \/>\n&#8211; Prever uma segunda aplica\u00e7\u00e3o cerca de 6 semanas ap\u00f3s a primeira<br \/>\n&#8211; Aplicar apenas quando todas as superf\u00edcies estiverem secas (o RED LITE \u00e9 inactivado pela humidade)<br \/>\n&#8211; Utilizar um aplicador que permita uma activa\u00e7\u00e3o electroest\u00e1tica do produto para uma melhor ader\u00eancia \u00e0s superf\u00edcies met\u00e1licas.<br \/>\n&#8211; Fazer circular as cintas de recolha dos ovos imediatamente \u00e0 fumiga\u00e7\u00e3o.<\/p>\n<p><span style=\"color: #94c01e; font-size: 20px;\">Embalagem<\/span><br \/>\nSacos de 25 Kg<\/p>\n","protected":false},"excerpt":{"rendered":"<p>Caracter\u00edsticas &#8211; Mistura \u00fanica de terra de diatom\u00e1ceas e silicatos [&hellip;]<\/p>\n","protected":false},"featured_media":2390,"comment_status":"closed","ping_status":"closed","template":"","meta":[],"product_cat":[46],"product_tag":[],"class_list":["post-2440","product","type-product","status-publish","has-post-thumbnail","hentry","product_cat-aves-es"],"_links":{"self":[{"href":"https:\/\/nutriconsult.pt\/es\/wp-json\/wp\/v2\/product\/2440","targetHints":{"allow":["GET"]}}],"collection":[{"href":"https:\/\/nutriconsult.pt\/es\/wp-json\/wp\/v2\/product"}],"about":[{"href":"https:\/\/nutriconsult.pt\/es\/wp-json\/wp\/v2\/types\/product"}],"replies":[{"embeddable":true,"href":"https:\/\/nutriconsult.pt\/es\/wp-json\/wp\/v2\/comments?post=2440"}],"wp:featuredmedia":[{"embeddable":true,"href":"https:\/\/nutriconsult.pt\/es\/wp-json\/wp\/v2\/media\/2390"}],"wp:attachment":[{"href":"https:\/\/nutriconsult.pt\/es\/wp-json\/wp\/v2\/media?parent=2440"}],"wp:term":[{"taxonomy":"product_cat","embeddable":true,"href":"https:\/\/nutriconsult.pt\/es\/wp-json\/wp\/v2\/product_cat?post=2440"},{"taxonomy":"product_tag","embeddable":true,"href":"https:\/\/nutriconsult.pt\/es\/wp-json\/wp\/v2\/product_tag?post=2440"}],"curies":[{"name":"wp","href":"https:\/\/api.w.org\/{rel}","templated":true}]}}