{"id":2444,"date":"2021-12-16T09:22:38","date_gmt":"2021-12-21T09:18:31","guid":{"rendered":"https:\/\/nutriconsult.pt\/produto\/salgard\/"},"modified":"2021-12-21T09:22:56","modified_gmt":"2021-12-21T09:22:56","slug":"anpario-mastercube","status":"publish","type":"product","link":"https:\/\/nutriconsult.pt\/es\/produto\/anpario-mastercube\/","title":{"rendered":"Salgard"},"content":{"rendered":"<p><span style=\"color: #94c01e; font-size: 20px;\">Composici\u00f3n<\/span><br \/>\nSALGARD es una mezcla de \u00e1cidos carbox\u00edlicos y sales de (\u00e1cido propi\u00f3nico, formiato de amonio y propionato de amonio)<\/p>\n<p><span style=\"color: #94c01e; font-size: 20px;\">Principales beneficios<\/span><br \/>\n&#8211; Higienizaci\u00f3n y conservante de los alimentos<br \/>\n&#8211; Ayuda a mejorar la bioseguridad de los alimentos y las plantas<br \/>\n&#8211; Termoestable, manejo seguro<br \/>\n&#8211; Se puede adicionar a materias primas y alimentos, como agente descontaminante en el control de Salmonella, Campylobacter, E. coli y otros organismos gram-.<br \/>\n&#8211; Contiene \u00e1cido propi\u00f3nico para la prevenci\u00f3n del desarrollo de hongos.<br \/>\n&#8211; Promueve la absorci\u00f3n de minerales, mejorando significativamente la calidad de las c\u00e1scaras de los huevos.<\/p>\n<p><span style=\"color: #94c01e; font-size: 20px;\">Dosis de uso<\/span><br \/>\nMantenimiento: 1 &#8211; 2 Kg por tonelada<br \/>\nAlimentos sensibles: 3 &#8211; 4 Kg por tonelada<br \/>\nDescontaminaci\u00f3n: at\u00e9 8 Kg por tonelada<\/p>\n<p><span style=\"color: #94c01e; font-size: 20px;\">Envase<\/span><br \/>\nBolsas de 25 Kg<\/p>\n","protected":false},"excerpt":{"rendered":"<p>SALGARD es una mezcla de \u00e1cidos carbox\u00edlicos y sales de (\u00e1cido propi\u00f3nico, formiato de amonio y propionato de amonio)<\/p>\n","protected":false},"featured_media":2378,"comment_status":"closed","ping_status":"closed","template":"","meta":[],"product_cat":[49,48,50,46],"product_tag":[],"class_list":["post-2444","product","type-product","status-publish","has-post-thumbnail","hentry","product_cat-suinos-es","product_cat-conejos","product_cat-industria-de-piensos","product_cat-aves-es"],"_links":{"self":[{"href":"https:\/\/nutriconsult.pt\/es\/wp-json\/wp\/v2\/product\/2444","targetHints":{"allow":["GET"]}}],"collection":[{"href":"https:\/\/nutriconsult.pt\/es\/wp-json\/wp\/v2\/product"}],"about":[{"href":"https:\/\/nutriconsult.pt\/es\/wp-json\/wp\/v2\/types\/product"}],"replies":[{"embeddable":true,"href":"https:\/\/nutriconsult.pt\/es\/wp-json\/wp\/v2\/comments?post=2444"}],"wp:featuredmedia":[{"embeddable":true,"href":"https:\/\/nutriconsult.pt\/es\/wp-json\/wp\/v2\/media\/2378"}],"wp:attachment":[{"href":"https:\/\/nutriconsult.pt\/es\/wp-json\/wp\/v2\/media?parent=2444"}],"wp:term":[{"taxonomy":"product_cat","embeddable":true,"href":"https:\/\/nutriconsult.pt\/es\/wp-json\/wp\/v2\/product_cat?post=2444"},{"taxonomy":"product_tag","embeddable":true,"href":"https:\/\/nutriconsult.pt\/es\/wp-json\/wp\/v2\/product_tag?post=2444"}],"curies":[{"name":"wp","href":"https:\/\/api.w.org\/{rel}","templated":true}]}}