{"id":2449,"date":"2021-12-17T11:55:36","date_gmt":"2021-12-21T09:32:15","guid":{"rendered":"https:\/\/nutriconsult.pt\/produto\/genex-lap\/"},"modified":"2021-12-21T09:42:38","modified_gmt":"2021-12-21T09:42:38","slug":"genex-lap","status":"publish","type":"product","link":"https:\/\/nutriconsult.pt\/es\/produto\/genex-lap\/","title":{"rendered":"Genex Lap"},"content":{"rendered":"<p><span style=\"color: #94c01e; font-size: 20px;\">Composici\u00f3n<\/span><br \/>\nGENEX LAP es una mezcla de \u00e1cidos carbox\u00edlicos y sus sales, aceites esenciales y extractos de plantas, especialmente dise\u00f1ados para su uso en cunicultura.<\/p>\n<p><span style=\"color: #94c01e; font-size: 20px;\">Principales beneficios<\/span><br \/>\n&#8211; Mejora la digestibilidad de los alimentos<br \/>\n&#8211; Defiende la integridad de las vellosidades intestinales y promueve su desarrollo.<br \/>\n-Contribuye al crecimiento de la flora l\u00e1ctica en detrimento de los organismos pat\u00f3genos.<br \/>\n&#8211; Combinaci\u00f3n espec\u00edfica de ingredientes que reducen el riesgo de instalaci\u00f3n de las principales bacterias pat\u00f3genas comunes en conejos.<br \/>\n&#8211; Contribuye a mejorar la bioseguridad de la f\u00e1brica y de los alimentos.<\/p>\n<p><span style=\"color: #94c01e; font-size: 20px;\">Dosis de uso<\/span><br \/>\nConejos:  2 &#8211; 4 Kg por tonelada<\/p>\n<p><span style=\"color: #94c01e; font-size: 20px;\">Envase<\/span><br \/>\nBolsas de 25 Kg<\/p>\n","protected":false},"excerpt":{"rendered":"<p>GENEX LAP es una mezcla de \u00e1cidos carbox\u00edlicos y sus sales, aceites esenciales y extractos de plantas, especialmente dise\u00f1ados para su uso en cunicultura.<\/p>\n","protected":false},"featured_media":2748,"comment_status":"closed","ping_status":"closed","template":"","meta":[],"product_cat":[48],"product_tag":[],"class_list":["post-2449","product","type-product","status-publish","has-post-thumbnail","hentry","product_cat-conejos"],"_links":{"self":[{"href":"https:\/\/nutriconsult.pt\/es\/wp-json\/wp\/v2\/product\/2449","targetHints":{"allow":["GET"]}}],"collection":[{"href":"https:\/\/nutriconsult.pt\/es\/wp-json\/wp\/v2\/product"}],"about":[{"href":"https:\/\/nutriconsult.pt\/es\/wp-json\/wp\/v2\/types\/product"}],"replies":[{"embeddable":true,"href":"https:\/\/nutriconsult.pt\/es\/wp-json\/wp\/v2\/comments?post=2449"}],"wp:featuredmedia":[{"embeddable":true,"href":"https:\/\/nutriconsult.pt\/es\/wp-json\/wp\/v2\/media\/2748"}],"wp:attachment":[{"href":"https:\/\/nutriconsult.pt\/es\/wp-json\/wp\/v2\/media?parent=2449"}],"wp:term":[{"taxonomy":"product_cat","embeddable":true,"href":"https:\/\/nutriconsult.pt\/es\/wp-json\/wp\/v2\/product_cat?post=2449"},{"taxonomy":"product_tag","embeddable":true,"href":"https:\/\/nutriconsult.pt\/es\/wp-json\/wp\/v2\/product_tag?post=2449"}],"curies":[{"name":"wp","href":"https:\/\/api.w.org\/{rel}","templated":true}]}}