{"id":2463,"date":"2021-12-17T12:01:33","date_gmt":"2021-12-17T12:01:33","guid":{"rendered":"https:\/\/nutriconsult.pt\/produto\/genex-weaner\/"},"modified":"2021-12-21T10:18:43","modified_gmt":"2021-12-21T10:18:43","slug":"genex-weaner","status":"publish","type":"product","link":"https:\/\/nutriconsult.pt\/es\/produto\/genex-weaner\/","title":{"rendered":"Genex Weaner"},"content":{"rendered":"<p><span style=\"color: #94c01e; font-size: 20px;\">Composici\u00f3n<\/span><br \/>\nGENEX WEANER ha sido especialmente desarrollado para combatir el estr\u00e9s de los lechones al destete y es una mezcla de \u00e1cidos f\u00f3rmico, propi\u00f3nico, but\u00edrico y sus sales, extractos de plantas  y aceites esenciales.<\/p>\n<p><span style=\"color: #94c01e; font-size: 20px;\">Principales beneficios<\/span><br \/>\n&#8211; Ayuda el desarrollo de la microbi\u00f3tica intestinal saludable, promoviendo naturalmente las defensas intestinales.<br \/>\n&#8211; Ayuda a disminuir la gravedad de la diarrea despu\u00e9s del destete, mejora el aumento de peso diario y promueve la ingestion de alimentos.<br \/>\n&#8211; Mejora el mantenimiento del estado de salud de los lechones, permiti\u00e9ndoles expresar su potencial gen\u00e9tico.<\/p>\n<p><span style=\"color: #94c01e; font-size: 20px;\">Dosis de uso<\/span><br \/>\nLechones desde la pre-iniciaci\u00f3n hasta unos 30 Kg PV: \t4 Kg por tonelada<\/p>\n<p><span style=\"color: #94c01e; font-size: 20px;\">Envase<\/span><br \/>\n Bolsas de 25 Kg<\/p>\n","protected":false},"excerpt":{"rendered":"<p>GENEX WEANER ha sido especialmente desarrollado para combatir el estr\u00e9s de los lechones al destete y es una mezcla de \u00e1cidos f\u00f3rmico, propi\u00f3nico, but\u00edrico y sus sales, extractos de plantas  y aceites esenciales.<\/p>\n","protected":false},"featured_media":2384,"comment_status":"closed","ping_status":"closed","template":"","meta":[],"product_cat":[49],"product_tag":[],"class_list":["post-2463","product","type-product","status-publish","has-post-thumbnail","hentry","product_cat-suinos-es"],"_links":{"self":[{"href":"https:\/\/nutriconsult.pt\/es\/wp-json\/wp\/v2\/product\/2463","targetHints":{"allow":["GET"]}}],"collection":[{"href":"https:\/\/nutriconsult.pt\/es\/wp-json\/wp\/v2\/product"}],"about":[{"href":"https:\/\/nutriconsult.pt\/es\/wp-json\/wp\/v2\/types\/product"}],"replies":[{"embeddable":true,"href":"https:\/\/nutriconsult.pt\/es\/wp-json\/wp\/v2\/comments?post=2463"}],"wp:featuredmedia":[{"embeddable":true,"href":"https:\/\/nutriconsult.pt\/es\/wp-json\/wp\/v2\/media\/2384"}],"wp:attachment":[{"href":"https:\/\/nutriconsult.pt\/es\/wp-json\/wp\/v2\/media?parent=2463"}],"wp:term":[{"taxonomy":"product_cat","embeddable":true,"href":"https:\/\/nutriconsult.pt\/es\/wp-json\/wp\/v2\/product_cat?post=2463"},{"taxonomy":"product_tag","embeddable":true,"href":"https:\/\/nutriconsult.pt\/es\/wp-json\/wp\/v2\/product_tag?post=2463"}],"curies":[{"name":"wp","href":"https:\/\/api.w.org\/{rel}","templated":true}]}}