{"id":2469,"date":"2021-12-17T12:02:46","date_gmt":"2021-12-17T12:02:46","guid":{"rendered":"https:\/\/nutriconsult.pt\/produto\/mastercube\/"},"modified":"2021-12-21T10:35:26","modified_gmt":"2021-12-21T10:35:26","slug":"mastercube","status":"publish","type":"product","link":"https:\/\/nutriconsult.pt\/es\/produto\/mastercube\/","title":{"rendered":"Mastercube"},"content":{"rendered":"<p><span style=\"color: #94c01e; font-size: 20px;\">Composici\u00f3n<\/span><br \/>\nMASTERCUBE es un aglutinante de baja inclusi\u00f3n compuesto por una mezcla sin\u00e9rgica de gomas polisac\u00e1ridas, almid\u00f3n purificado y un endurecedor mineral, adecuado para la granulaci\u00f3n de piensos compuestos.<\/p>\n<p><span style=\"color: #94c01e; font-size: 20px;\">Principales beneficios<\/span><br \/>\n&#8211; La goma de polisac\u00e1ridos favorece la adhesi\u00f3n de las part\u00edculas en la mezcla aumentando su cohesi\u00f3n y plasticidad<br \/>\n&#8211; El endurecedor mineral promueve la dureza del granulado<br \/>\n&#8211; La baja inclusi\u00f3n aumenta el espacio en la f\u00f3rmula y evita la diluci\u00f3n de nutrientes<br \/>\n&#8211; Reduce los finos de los alimentos<br \/>\n&#8211; No es abrasivo para la matriz, aumentando su longevidad<br \/>\n&#8211; Permite una reducci\u00f3n <\/p>\n<p><span style=\"color: #94c01e; font-size: 20px;\">Dosis de uso<\/span><br \/>\n2 a 5 Kg por tonelada<br \/>\nEnpezar con una dosis de 2,5 Kg y aumentar o reducir 0,5 Kg en funci\u00f3n de los resultados obtenidos<\/p>\n<p><span style=\"color: #94c01e; font-size: 20px;\">Envase<\/span><br \/>\nBolsas de 25 Kg<\/p>\n","protected":false},"excerpt":{"rendered":"<p>MASTERCUBE es un aglutinante de baja inclusi\u00f3n compuesto por una mezcla sin\u00e9rgica de gomas polisac\u00e1ridas, almid\u00f3n purificado y un endurecedor mineral, adecuado para la granulaci\u00f3n de piensos compuestos.<\/p>\n","protected":false},"featured_media":2387,"comment_status":"closed","ping_status":"closed","template":"","meta":[],"product_cat":[50],"product_tag":[],"class_list":["post-2469","product","type-product","status-publish","has-post-thumbnail","hentry","product_cat-industria-de-piensos"],"_links":{"self":[{"href":"https:\/\/nutriconsult.pt\/es\/wp-json\/wp\/v2\/product\/2469","targetHints":{"allow":["GET"]}}],"collection":[{"href":"https:\/\/nutriconsult.pt\/es\/wp-json\/wp\/v2\/product"}],"about":[{"href":"https:\/\/nutriconsult.pt\/es\/wp-json\/wp\/v2\/types\/product"}],"replies":[{"embeddable":true,"href":"https:\/\/nutriconsult.pt\/es\/wp-json\/wp\/v2\/comments?post=2469"}],"wp:featuredmedia":[{"embeddable":true,"href":"https:\/\/nutriconsult.pt\/es\/wp-json\/wp\/v2\/media\/2387"}],"wp:attachment":[{"href":"https:\/\/nutriconsult.pt\/es\/wp-json\/wp\/v2\/media?parent=2469"}],"wp:term":[{"taxonomy":"product_cat","embeddable":true,"href":"https:\/\/nutriconsult.pt\/es\/wp-json\/wp\/v2\/product_cat?post=2469"},{"taxonomy":"product_tag","embeddable":true,"href":"https:\/\/nutriconsult.pt\/es\/wp-json\/wp\/v2\/product_tag?post=2469"}],"curies":[{"name":"wp","href":"https:\/\/api.w.org\/{rel}","templated":true}]}}