{"id":2474,"date":"2021-12-17T12:04:35","date_gmt":"2021-12-17T12:04:35","guid":{"rendered":"https:\/\/nutriconsult.pt\/produto\/mycobond\/"},"modified":"2021-12-21T10:55:02","modified_gmt":"2021-12-21T10:55:02","slug":"mycobond","status":"publish","type":"product","link":"https:\/\/nutriconsult.pt\/es\/produto\/mycobond\/","title":{"rendered":"Mycobond"},"content":{"rendered":"<p><span style=\"color: #94c01e; font-size: 20px;\">Composici\u00f3n<\/span><br \/>\nMYCOBOND es una mezcla natural de silicatos minerales en la categor\u00eda de aglutinantes, antiespumantes y coagulantes (E562) procesados espec\u00edficamente para lograr la m\u00e1xima capacidad de fijaci\u00f3n de las micotoxinas presentes en alimentos y piensos.<\/p>\n<p><span style=\"color: #94c01e; font-size: 20px;\">Principales beneficios<\/span><br \/>\n&#8211; Reducci\u00f3n de los efectos y sintomatolog\u00eda de la micotoxicosis<br \/>\n&#8211; Restablecimiento de la tasa de crecimiento<br \/>\n&#8211; Mejorar la eficiencia alimentaria<br \/>\n&#8211; Reducci\u00f3n de la mortalidad<br \/>\n&#8211; Reducci\u00f3n de los trastornos digestivos<br \/>\n&#8211; Reducci\u00f3n de problemas reproductivos<br \/>\n&#8211; Reducci\u00f3n de la inmunosupresi\u00f3n<\/p>\n<p><span style=\"color: #94c01e; font-size: 20px;\">Dosis de uso<\/span><br \/>\n 2 a 5 kg por tonelada de alimento compuesto<\/p>\n<p><span style=\"color: #94c01e; font-size: 20px;\">Envase<\/span><br \/>\n Bolsas de 25 Kg<\/p>\n","protected":false},"excerpt":{"rendered":"<p>MYCOBOND es una mezcla natural de silicatos minerales en la categor\u00eda de aglutinantes, antiespumantes y coagulantes (E562) procesados espec\u00edficamente para lograr la m\u00e1xima capacidad de fijaci\u00f3n de las micotoxinas presentes en alimentos y piensos.<\/p>\n","protected":false},"featured_media":2744,"comment_status":"closed","ping_status":"closed","template":"","meta":[],"product_cat":[49,48,46,59],"product_tag":[],"class_list":["post-2474","product","type-product","status-publish","has-post-thumbnail","hentry","product_cat-suinos-es","product_cat-conejos","product_cat-aves-es","product_cat-ruminantes-es"],"_links":{"self":[{"href":"https:\/\/nutriconsult.pt\/es\/wp-json\/wp\/v2\/product\/2474","targetHints":{"allow":["GET"]}}],"collection":[{"href":"https:\/\/nutriconsult.pt\/es\/wp-json\/wp\/v2\/product"}],"about":[{"href":"https:\/\/nutriconsult.pt\/es\/wp-json\/wp\/v2\/types\/product"}],"replies":[{"embeddable":true,"href":"https:\/\/nutriconsult.pt\/es\/wp-json\/wp\/v2\/comments?post=2474"}],"wp:featuredmedia":[{"embeddable":true,"href":"https:\/\/nutriconsult.pt\/es\/wp-json\/wp\/v2\/media\/2744"}],"wp:attachment":[{"href":"https:\/\/nutriconsult.pt\/es\/wp-json\/wp\/v2\/media?parent=2474"}],"wp:term":[{"taxonomy":"product_cat","embeddable":true,"href":"https:\/\/nutriconsult.pt\/es\/wp-json\/wp\/v2\/product_cat?post=2474"},{"taxonomy":"product_tag","embeddable":true,"href":"https:\/\/nutriconsult.pt\/es\/wp-json\/wp\/v2\/product_tag?post=2474"}],"curies":[{"name":"wp","href":"https:\/\/api.w.org\/{rel}","templated":true}]}}