{"id":2480,"date":"2021-12-17T12:06:19","date_gmt":"2021-12-17T12:06:19","guid":{"rendered":"https:\/\/nutriconsult.pt\/produto\/oleo-essencial-de-oregao-oeo\/"},"modified":"2021-12-21T11:28:44","modified_gmt":"2021-12-21T11:28:44","slug":"oleo-essencial-de-oregao-oeo","status":"publish","type":"product","link":"https:\/\/nutriconsult.pt\/es\/produto\/oleo-essencial-de-oregao-oeo\/","title":{"rendered":"\u00d3leo essencial de or\u00e9g\u00e3o"},"content":{"rendered":"<p><span style=\"color: #94c01e; font-size: 20px;\">Principales beneficios<\/span><br \/>\n&#8211; Mejora la salud intestinal<br \/>\n&#8211; Fortalece el sistema inmunol\u00f3gico<br \/>\n&#8211; Mejora el IC y lo GMD<br \/>\n&#8211; Antiinflamatorio<br \/>\n&#8211; Antioxidante, antimicrobiano y antif\u00fangico<br \/>\n&#8211; Protecci\u00f3n extra en periodos de estr\u00e9s<br \/>\n&#8211; Reduce la incidencia de bacteriosis<br \/>\n&#8211; Reduce la producci\u00f3n de amon\u00edaco y metano<br \/>\n&#8211; Mejora la eficacia productiva de los animales<\/p>\n<table style=\"height: 401px;\" border=\"1px solid black\" width=\"679\">\n<tbody>\n<tr>\n<td style=\"text-align: center;\" colspan=\"3\" width=\"298\"><strong>Efectividad del OEO<\/strong><\/td>\n<\/tr>\n<tr>\n<td>Staphylococcus \u00e1ureos<\/td>\n<td>Enterobacter aeorogenes<\/td>\n<td>Klebsiella pneumoniae<\/td>\n<\/tr>\n<tr>\n<td>Mycobacterium tuberculosis<\/td>\n<td>E. coli<\/td>\n<td>Streptococcus uberis<\/td>\n<\/tr>\n<tr>\n<td>Corynebacterium pyogenes<\/td>\n<td>Treponema hyodisaenteriae<\/td>\n<td>Pasteurella multocida<\/td>\n<\/tr>\n<tr>\n<td>Proteus rettgeri<\/td>\n<td>Pseudomonas aeruginosa<\/td>\n<td>Mucor spp.<\/td>\n<\/tr>\n<tr>\n<td>Streptococcus feacalis<\/td>\n<td>Salmonella spp.<\/td>\n<td>Cryptosporidiae spp.<\/td>\n<\/tr>\n<tr>\n<td>Aspergillus spp.<\/td>\n<td>Streptococcus agalactiae<\/td>\n<td>Proteus vulgaris<\/td>\n<\/tr>\n<tr>\n<td>Streptococcus pyogenes<\/td>\n<td>Candida spp.<\/td>\n<td>Vibrio coli<\/td>\n<\/tr>\n<tr>\n<td>Proteus mirabilis<\/td>\n<td>Erysipelothrix insidiosa<\/td>\n<td>Eimeria spp.<\/td>\n<\/tr>\n<tr>\n<td>Clostridium spp.<\/td>\n<td><\/td>\n<td><\/td>\n<\/tr>\n<\/tbody>\n<\/table>\n","protected":false},"excerpt":{"rendered":"<p>Principales beneficios &#8211; Mejora la salud intestinal &#8211; Fortalece el [&hellip;]<\/p>\n","protected":false},"featured_media":2967,"comment_status":"closed","ping_status":"closed","template":"","meta":[],"product_cat":[49,48,46,59],"product_tag":[],"class_list":["post-2480","product","type-product","status-publish","has-post-thumbnail","hentry","product_cat-suinos-es","product_cat-conejos","product_cat-aves-es","product_cat-ruminantes-es"],"_links":{"self":[{"href":"https:\/\/nutriconsult.pt\/es\/wp-json\/wp\/v2\/product\/2480","targetHints":{"allow":["GET"]}}],"collection":[{"href":"https:\/\/nutriconsult.pt\/es\/wp-json\/wp\/v2\/product"}],"about":[{"href":"https:\/\/nutriconsult.pt\/es\/wp-json\/wp\/v2\/types\/product"}],"replies":[{"embeddable":true,"href":"https:\/\/nutriconsult.pt\/es\/wp-json\/wp\/v2\/comments?post=2480"}],"wp:featuredmedia":[{"embeddable":true,"href":"https:\/\/nutriconsult.pt\/es\/wp-json\/wp\/v2\/media\/2967"}],"wp:attachment":[{"href":"https:\/\/nutriconsult.pt\/es\/wp-json\/wp\/v2\/media?parent=2480"}],"wp:term":[{"taxonomy":"product_cat","embeddable":true,"href":"https:\/\/nutriconsult.pt\/es\/wp-json\/wp\/v2\/product_cat?post=2480"},{"taxonomy":"product_tag","embeddable":true,"href":"https:\/\/nutriconsult.pt\/es\/wp-json\/wp\/v2\/product_tag?post=2480"}],"curies":[{"name":"wp","href":"https:\/\/api.w.org\/{rel}","templated":true}]}}