{"id":2430,"date":"2021-10-13T17:07:21","date_gmt":"2021-10-13T16:07:21","guid":{"rendered":"https:\/\/nutriconsult.pt\/sobre-nos\/"},"modified":"2022-01-28T15:35:20","modified_gmt":"2022-01-28T15:35:20","slug":"a-propos-de-nous","status":"publish","type":"page","link":"https:\/\/nutriconsult.pt\/fr\/a-propos-de-nous\/","title":{"rendered":"\u00c1 propos de nous"},"content":{"rendered":"<div class=\"fusion-fullwidth fullwidth-box fusion-builder-row-1 fusion-flex-container nonhundred-percent-fullwidth non-hundred-percent-height-scrolling\" style=\"--awb-border-radius-top-left:0px;--awb-border-radius-top-right:0px;--awb-border-radius-bottom-right:0px;--awb-border-radius-bottom-left:0px;--awb-flex-wrap:wrap;\" ><div class=\"fusion-builder-row fusion-row fusion-flex-align-items-flex-start fusion-flex-content-wrap\" style=\"max-width:1248px;margin-left: calc(-4% \/ 2 );margin-right: calc(-4% \/ 2 );\"><div class=\"fusion-layout-column fusion_builder_column fusion-builder-column-0 fusion_builder_column_1_2 1_2 fusion-flex-column\" style=\"--awb-bg-size:cover;--awb-width-large:50%;--awb-margin-top-large:0px;--awb-spacing-right-large:3.84%;--awb-margin-bottom-large:0px;--awb-spacing-left-large:3.84%;--awb-width-medium:50%;--awb-spacing-right-medium:3.84%;--awb-spacing-left-medium:3.84%;--awb-width-small:100%;--awb-spacing-right-small:1.92%;--awb-spacing-left-small:1.92%;\"><div class=\"fusion-column-wrapper fusion-flex-justify-content-flex-start fusion-content-layout-column\"><div class=\"fusion-text fusion-text-1\"><p>Depuis sa fondation, en 1998, NUTRICONSULT a d\u00e9fini comme principe de base, une strat\u00e9gie d&rsquo;innovation afin de faire face aux d\u00e9fis qui s\u2019imposent \u00e0 l&rsquo;agriculture et \u00e0 l&rsquo;\u00e9levage du XXI<sup>\u00e8me<\/sup> si\u00e8cle.<\/p>\n<p>Ces d\u00e9fis, qui impliquent le d\u00e9veloppement de solutions technico-\u00e9conomiques, ont tendance \u00e0 maximiser la rentabilit\u00e9 de l&rsquo;exploitation, \u00e0 assurer la qualit\u00e9 et la s\u00e9curit\u00e9 alimentaire des consommateurs, \u00e0 respecter et \u00e0 contribuer \u00e0 une am\u00e9lioration du bien-\u00eatre animal, le tout en parfaite harmonie avec le syst\u00e8me \u00e9cologique dans lequel s\u2019ins\u00e8rent les exploitations agricoles.<\/p>\n<p>Forts de cette philosophie d&rsquo;action, nous avons \u00e9tabli des accords de partenariat avec les meilleures entreprises au niveau de la recherche europ\u00e9enne.<\/p>\n<p>Ces partenariats permettent l&rsquo;\u00e9mergence de produits et de solutions innovants, adapt\u00e9s aux diff\u00e9rentes conditions climatiques et aux \u00e9cosyst\u00e8mes dans lesquels les exploitations agricoles sont ins\u00e9r\u00e9es.<\/p>\n<p>De cette fa\u00e7on, il est possible de r\u00e9duire l&rsquo;utilisation d&rsquo;antibiotiques dans l&rsquo;alimentation animale, tout en minimisant le risque de d\u00e9chets dans les produits d&rsquo;\u00e9levage, et en utilisant des huiles essentielles, des acides organiques et probiotiques, ce qui permet de r\u00e9duire les niveaux de phosphore, d&rsquo;ammoniac et d&rsquo;autres polluants dans les effluents de l\u2019exploitation, gr\u00e2ce \u00e0 une utilisation rationnelle des nutriments. En somme, en maximisant ainsi les profits en r\u00e9duisant la contamination de l\u2019environnement.<\/p>\n<p>Dans le domaine des grandes cultures, une meilleure connaissance de la physiologie v\u00e9g\u00e9tale a permis l&rsquo;utilisation de produits tels que les extraits d&rsquo;algues en remplacement des phytohormones, l&rsquo;utilisation d&rsquo;\u00e9l\u00e9ments jouissant d\u2019un degr\u00e9 de puret\u00e9 plus \u00e9lev\u00e9 et d\u2019une plus grande absorption \u00e0 travers les tissus foliaires, ce qui permet des doses d&rsquo;application plus faibles, soit une charge plus faible de contaminants du sol.<\/p>\n<p>Nous croyons fermement que gr\u00e2ce \u00e0 nos efforts conjoints, nous pourrons contribuer \u00e0 une agriculture plus rentable et \u00e0 plus propre por plus vert.<\/p>\n<p>Pour toutes ces raisons, comptez sur nous pour un <strong><em>environnement plus vert<\/em><\/strong><\/p>\n<\/div><\/div><\/div><div class=\"fusion-layout-column fusion_builder_column fusion-builder-column-1 fusion_builder_column_1_2 1_2 fusion-flex-column\" style=\"--awb-bg-size:cover;--awb-width-large:50%;--awb-margin-top-large:0px;--awb-spacing-right-large:3.84%;--awb-margin-bottom-large:0px;--awb-spacing-left-large:3.84%;--awb-width-medium:50%;--awb-spacing-right-medium:3.84%;--awb-spacing-left-medium:3.84%;--awb-width-small:100%;--awb-spacing-right-small:1.92%;--awb-spacing-left-small:1.92%;\"><div class=\"fusion-column-wrapper fusion-flex-justify-content-flex-start fusion-content-layout-column\"><div class=\"fusion-image-element \" style=\"--awb-caption-title-font-family:var(--h2_typography-font-family);--awb-caption-title-font-weight:var(--h2_typography-font-weight);--awb-caption-title-font-style:var(--h2_typography-font-style);--awb-caption-title-size:var(--h2_typography-font-size);--awb-caption-title-transform:var(--h2_typography-text-transform);--awb-caption-title-line-height:var(--h2_typography-line-height);--awb-caption-title-letter-spacing:var(--h2_typography-letter-spacing);\"><span class=\" fusion-imageframe imageframe-none imageframe-1 hover-type-none\"><img decoding=\"async\" width=\"580\" height=\"630\" title=\"Nutriconsult_imagem_sobre-nos\" src=\"https:\/\/nutriconsult.pt\/wp-content\/uploads\/2021\/12\/Nutriconsult_imagem_sobre-nos.jpg\" alt class=\"img-responsive wp-image-2392\" srcset=\"https:\/\/nutriconsult.pt\/wp-content\/uploads\/2021\/12\/Nutriconsult_imagem_sobre-nos-200x217.jpg 200w, https:\/\/nutriconsult.pt\/wp-content\/uploads\/2021\/12\/Nutriconsult_imagem_sobre-nos-400x434.jpg 400w, https:\/\/nutriconsult.pt\/wp-content\/uploads\/2021\/12\/Nutriconsult_imagem_sobre-nos.jpg 580w\" sizes=\"(max-width: 640px) 100vw, 580px\" \/><\/span><\/div><\/div><\/div><\/div><\/div>\n","protected":false},"excerpt":{"rendered":"","protected":false},"author":1,"featured_media":0,"parent":0,"menu_order":0,"comment_status":"closed","ping_status":"closed","template":"","meta":{"footnotes":""},"class_list":["post-2430","page","type-page","status-publish","hentry"],"_links":{"self":[{"href":"https:\/\/nutriconsult.pt\/fr\/wp-json\/wp\/v2\/pages\/2430","targetHints":{"allow":["GET"]}}],"collection":[{"href":"https:\/\/nutriconsult.pt\/fr\/wp-json\/wp\/v2\/pages"}],"about":[{"href":"https:\/\/nutriconsult.pt\/fr\/wp-json\/wp\/v2\/types\/page"}],"author":[{"embeddable":true,"href":"https:\/\/nutriconsult.pt\/fr\/wp-json\/wp\/v2\/users\/1"}],"replies":[{"embeddable":true,"href":"https:\/\/nutriconsult.pt\/fr\/wp-json\/wp\/v2\/comments?post=2430"}],"version-history":[{"count":5,"href":"https:\/\/nutriconsult.pt\/fr\/wp-json\/wp\/v2\/pages\/2430\/revisions"}],"predecessor-version":[{"id":2857,"href":"https:\/\/nutriconsult.pt\/fr\/wp-json\/wp\/v2\/pages\/2430\/revisions\/2857"}],"wp:attachment":[{"href":"https:\/\/nutriconsult.pt\/fr\/wp-json\/wp\/v2\/media?parent=2430"}],"curies":[{"name":"wp","href":"https:\/\/api.w.org\/{rel}","templated":true}]}}