{"id":2439,"date":"2021-12-17T12:09:52","date_gmt":"2021-12-17T12:09:52","guid":{"rendered":"https:\/\/nutriconsult.pt\/produto\/red-lite\/"},"modified":"2021-12-20T18:18:42","modified_gmt":"2021-12-20T18:18:42","slug":"red-lite","status":"publish","type":"product","link":"https:\/\/nutriconsult.pt\/fr\/produto\/red-lite\/","title":{"rendered":"Red Lite"},"content":{"rendered":"<p>Insecticide naturel pour la lutte antiparasitaire chez les animaux et les c\u00e9r\u00e9ales<br \/>\n<span style=\"color: #94c01e; font-size: 20px;\">Caract\u00e9ristiques<\/span><br \/>\n&#8211; M\u00e9lange unique de diatom\u00e9es et des silicates<br \/>\n&#8211; Ar\u00eates microscopiques nettes avec une grande ad\u00e9sivit\u00e9<br \/>\n&#8211; Adh\u00e9rent aux cages m\u00e9talliques, silos et bo\u00eetes de stockage<br \/>\n&#8211; Plus abrasif et efficace que le gel de silice<br \/>\n&#8211; Approuv\u00e9 comme additif alimentaire<\/p>\n<p><span style=\"color: #94c01e; font-size: 20px;\">B\u00e9n\u00e9fices<\/span><br \/>\n&#8211; \u00c9limine les insectes et les acariens par dissection sans recourir \u00e0 des pesticides chimiques<br \/>\n&#8211; N\u2019induit pas de r\u00e9sistance<br \/>\n&#8211; Sans danger pour l\u2019environnement, les animaux et les op\u00e9rateurs<br \/>\n&#8211; Pas d\u2019intervalle de s\u00e9curit\u00e9 et de risque de r\u00e9sistance<\/p>\n<p><span style=\"color: #94c01e; font-size: 20px;\">Dose d\u2019utilisation<\/span><br \/>\n&#8211; L\u00e9g\u00e8re infestation : 20 gr par m2<br \/>\n&#8211; Infestation grave : 30 gr par m2<br \/>\n&#8211; Pr\u00e9dire une deuxi\u00e8me application environ 6 semas apr\u00e8s la premi\u00e8re<br \/>\n&#8211; Appliquer uniquement lorsque toutes les surfaces sont s\u00e8ches (RED LITE est inactiv\u00e9 par l\u2019humidit\u00e9)<br \/>\n&#8211; Utilisez un applicateur qui permet l\u2019activation \u00e9lectrostatique du produit pour une meilleure adh\u00e9rence aux surfaces m\u00e9talliques.<br \/>\n&#8211; Faites circuler les sangles de collecte d\u2019\u0153ufs imm\u00e9diatement \u00e0 la fumigation.<\/p>\n<p><span style=\"color: #94c01e; font-size: 20px;\">Emballage<\/span><br \/>\nSacs de 25 kg<\/p>\n","protected":false},"excerpt":{"rendered":"<p>Insecticide naturel pour la lutte antiparasitaire chez les animaux et [&hellip;]<\/p>\n","protected":false},"featured_media":2389,"comment_status":"closed","ping_status":"closed","template":"","meta":[],"product_cat":[45],"product_tag":[],"class_list":["post-2439","product","type-product","status-publish","has-post-thumbnail","hentry","product_cat-aves-fr"],"_links":{"self":[{"href":"https:\/\/nutriconsult.pt\/fr\/wp-json\/wp\/v2\/product\/2439","targetHints":{"allow":["GET"]}}],"collection":[{"href":"https:\/\/nutriconsult.pt\/fr\/wp-json\/wp\/v2\/product"}],"about":[{"href":"https:\/\/nutriconsult.pt\/fr\/wp-json\/wp\/v2\/types\/product"}],"replies":[{"embeddable":true,"href":"https:\/\/nutriconsult.pt\/fr\/wp-json\/wp\/v2\/comments?post=2439"}],"wp:featuredmedia":[{"embeddable":true,"href":"https:\/\/nutriconsult.pt\/fr\/wp-json\/wp\/v2\/media\/2389"}],"wp:attachment":[{"href":"https:\/\/nutriconsult.pt\/fr\/wp-json\/wp\/v2\/media?parent=2439"}],"wp:term":[{"taxonomy":"product_cat","embeddable":true,"href":"https:\/\/nutriconsult.pt\/fr\/wp-json\/wp\/v2\/product_cat?post=2439"},{"taxonomy":"product_tag","embeddable":true,"href":"https:\/\/nutriconsult.pt\/fr\/wp-json\/wp\/v2\/product_tag?post=2439"}],"curies":[{"name":"wp","href":"https:\/\/api.w.org\/{rel}","templated":true}]}}