{"id":2446,"date":"2021-12-16T09:22:38","date_gmt":"2021-12-21T09:25:24","guid":{"rendered":"https:\/\/nutriconsult.pt\/?post_type=product&#038;p=2446"},"modified":"2021-12-21T09:25:42","modified_gmt":"2021-12-21T09:25:42","slug":"salgard","status":"publish","type":"product","link":"https:\/\/nutriconsult.pt\/fr\/produto\/salgard\/","title":{"rendered":"Salgard"},"content":{"rendered":"<p><span style=\"color: #94c01e; font-size: 20px;\">Composition<\/span><br \/>\nSALGARD est un m\u00e9lange d\u2019acides carboxyliques et de sels de (acide propionique, formiate d\u2019ammonium et propionate d\u2019ammonium)<\/p>\n<p><span style=\"color: #94c01e; font-size: 20px;\">Principaux b\u00e9n\u00e9fices<\/span><br \/>\n&#8211; Hygi\u00e8ne du aliment et conservateur<br \/>\n&#8211; Aide \u00e0 am\u00e9liorer la bios\u00e9curit\u00e9 des aliments et des usines<br \/>\n&#8211; Thermo stable, manipulation s\u00e9cure<br \/>\n&#8211; Il peut \u00eatre ajout\u00e9 aux mati\u00e8res premi\u00e8res et aux aliments, en tant qu\u2019agent d\u00e9contaminant dans le contr\u00f4le de Salmonella, Campylobacter, E. coli et d\u2019autres organismes gram-.<br \/>\n&#8211; Contient de l\u2019acide propionique pour la pr\u00e9vention du d\u00e9veloppement fongique.<br \/>\n&#8211; Favorise l\u2019absorption des min\u00e9raux, am\u00e9liorant consid\u00e9rablement la qualit\u00e9 des coquilles d\u2019\u0153ufs.<\/p>\n<p><span style=\"color: #94c01e; font-size: 20px;\">Dose d\u2019utilisation<\/span><br \/>\nEntretien: \t\t\t1 &#8211; 2 Kg par tonne<br \/>\nAliments sensibles:\t\t3 &#8211; 4 Kg par tonne<br \/>\nD\u00e9contaminant: jusqu\u2019\u00e0\t8 Kg par tonne<\/p>\n<p><span style=\"color: #94c01e; font-size: 20px;\">Emballage<\/span><br \/>\n Sacs de 25 kg<\/p>\n","protected":false},"excerpt":{"rendered":"<p>SALGARD est un m\u00e9lange d\u2019acides carboxyliques et de sels de(acide propionique, formiate d\u2019ammonium et propionate d\u2019ammonium)<\/p>\n","protected":false},"featured_media":2377,"comment_status":"closed","ping_status":"closed","template":"","meta":[],"product_cat":[58,60,57,45],"product_tag":[],"class_list":["post-2446","product","type-product","status-publish","has-post-thumbnail","hentry","product_cat-industria-racoes-fr","product_cat-conejos-fr","product_cat-suinos-es-fr","product_cat-aves-fr"],"_links":{"self":[{"href":"https:\/\/nutriconsult.pt\/fr\/wp-json\/wp\/v2\/product\/2446","targetHints":{"allow":["GET"]}}],"collection":[{"href":"https:\/\/nutriconsult.pt\/fr\/wp-json\/wp\/v2\/product"}],"about":[{"href":"https:\/\/nutriconsult.pt\/fr\/wp-json\/wp\/v2\/types\/product"}],"replies":[{"embeddable":true,"href":"https:\/\/nutriconsult.pt\/fr\/wp-json\/wp\/v2\/comments?post=2446"}],"wp:featuredmedia":[{"embeddable":true,"href":"https:\/\/nutriconsult.pt\/fr\/wp-json\/wp\/v2\/media\/2377"}],"wp:attachment":[{"href":"https:\/\/nutriconsult.pt\/fr\/wp-json\/wp\/v2\/media?parent=2446"}],"wp:term":[{"taxonomy":"product_cat","embeddable":true,"href":"https:\/\/nutriconsult.pt\/fr\/wp-json\/wp\/v2\/product_cat?post=2446"},{"taxonomy":"product_tag","embeddable":true,"href":"https:\/\/nutriconsult.pt\/fr\/wp-json\/wp\/v2\/product_tag?post=2446"}],"curies":[{"name":"wp","href":"https:\/\/api.w.org\/{rel}","templated":true}]}}