{"id":2454,"date":"2021-12-17T11:55:36","date_gmt":"2021-12-17T11:55:36","guid":{"rendered":"https:\/\/nutriconsult.pt\/produto\/genex-lap\/"},"modified":"2021-12-21T09:54:02","modified_gmt":"2021-12-21T09:54:02","slug":"genex-lap","status":"publish","type":"product","link":"https:\/\/nutriconsult.pt\/fr\/produto\/genex-lap\/","title":{"rendered":"Genex Lap"},"content":{"rendered":"<p><span style=\"color: #94c01e; font-size: 20px;\">Composition<\/span><br \/>\nGENEX LAP est un m\u00e9lange d\u2019acides carboxyliques et de leurs sels, huiles essentielles et extraits de plantes, sp\u00e9cialement con\u00e7u pour une utilisation en cuniculture.<\/p>\n<p><span style=\"color: #94c01e; font-size: 20px;\">Principaux b\u00e9n\u00e9fices<\/span><br \/>\n&#8211; Am\u00e9liore la digestibilit\u00e9 des aliments<br \/>\n&#8211; Il d\u00e9fend l\u2019int\u00e9grit\u00e9 des villosit\u00e9s intestinales et favorise leur d\u00e9veloppement.<br \/>\n-Il contribue \u00e0 la croissance de la flore lactique au d\u00e9triment des organismes pathog\u00e8nes.<br \/>\n&#8211; Combinaison sp\u00e9cifique d\u2019ingr\u00e9dients qui r\u00e9duisent le risque d\u2019installation des principales bact\u00e9ries pathog\u00e8nes communes chez le lapin.<br \/>\n&#8211; Il contribue \u00e0 am\u00e9liorer la bios\u00e9curit\u00e9 de l\u2019usine et des aliments.<\/p>\n<p><span style=\"color: #94c01e; font-size: 20px;\">Dose d\u2019utilisation<\/span><br \/>\nLapins: 2 &#8211; 4 Kg par tonne<\/p>\n<p><span style=\"color: #94c01e; font-size: 20px;\">Emballage<\/span><br \/>\nSacs de 25 kg<\/p>\n","protected":false},"excerpt":{"rendered":"<p>GENEX LAP est un m\u00e9lange d\u2019acides carboxyliques et de leurs sels, huiles essentielles et extraits de plantes, sp\u00e9cialement con\u00e7u pour une utilisation en cuniculture.<\/p>\n","protected":false},"featured_media":2747,"comment_status":"closed","ping_status":"closed","template":"","meta":[],"product_cat":[60],"product_tag":[],"class_list":["post-2454","product","type-product","status-publish","has-post-thumbnail","hentry","product_cat-conejos-fr"],"_links":{"self":[{"href":"https:\/\/nutriconsult.pt\/fr\/wp-json\/wp\/v2\/product\/2454","targetHints":{"allow":["GET"]}}],"collection":[{"href":"https:\/\/nutriconsult.pt\/fr\/wp-json\/wp\/v2\/product"}],"about":[{"href":"https:\/\/nutriconsult.pt\/fr\/wp-json\/wp\/v2\/types\/product"}],"replies":[{"embeddable":true,"href":"https:\/\/nutriconsult.pt\/fr\/wp-json\/wp\/v2\/comments?post=2454"}],"wp:featuredmedia":[{"embeddable":true,"href":"https:\/\/nutriconsult.pt\/fr\/wp-json\/wp\/v2\/media\/2747"}],"wp:attachment":[{"href":"https:\/\/nutriconsult.pt\/fr\/wp-json\/wp\/v2\/media?parent=2454"}],"wp:term":[{"taxonomy":"product_cat","embeddable":true,"href":"https:\/\/nutriconsult.pt\/fr\/wp-json\/wp\/v2\/product_cat?post=2454"},{"taxonomy":"product_tag","embeddable":true,"href":"https:\/\/nutriconsult.pt\/fr\/wp-json\/wp\/v2\/product_tag?post=2454"}],"curies":[{"name":"wp","href":"https:\/\/api.w.org\/{rel}","templated":true}]}}