{"id":2471,"date":"2021-12-17T12:02:46","date_gmt":"2021-12-17T12:02:46","guid":{"rendered":"https:\/\/nutriconsult.pt\/produto\/mastercube\/"},"modified":"2021-12-21T10:45:09","modified_gmt":"2021-12-21T10:45:09","slug":"mastercube","status":"publish","type":"product","link":"https:\/\/nutriconsult.pt\/fr\/produto\/mastercube\/","title":{"rendered":"Mastercube"},"content":{"rendered":"<p><span style=\"color: #94c01e; font-size: 20px;\">Composici\u00f3n<\/span><br \/>\nMASTERCUBE est un liant \u00e0 faible inclusion compos\u00e9 d\u2019un m\u00e9lange synergique de gommes polysaccharidiques, d\u2019amidon purifi\u00e9 et d\u2019un durcisseur min\u00e9ral, adapt\u00e9 \u00e0 la granulation d\u2019aliments compos\u00e9s<\/p>\n<p><span style=\"color: #94c01e; font-size: 20px;\">Principaux b\u00e9n\u00e9fices<\/span><br \/>\n&#8211; La gomme polysaccharidique favorise l\u2019adh\u00e9rence des particules dans le m\u00e9lange en augmentant sa coh\u00e9sion et sa plasticit\u00e9<br \/>\n&#8211; Le durcisseur min\u00e9ral favorise la duret\u00e9 des granul\u00e9s<br \/>\n&#8211; Une faible inclusion augmente l\u2019espace de la formule et emp\u00eache la dilution des nutriments<br \/>\n&#8211; R\u00e9duit les fines des granul\u00e9s<br \/>\n&#8211; Il n\u2019est pas abrasif pour la matrice, ce qui augmente sa long\u00e9vit\u00e9<br \/>\n&#8211; Permite a redu\u00e7\u00e3o consider\u00e1vel de gastos energ\u00e9ticos na granula\u00e7\u00e3o<\/p>\n<p><span style=\"color: #94c01e; font-size: 20px;\">Dose d\u2019utilisation<\/span><br \/>\n2 \u00e0 5 kg par tonne<br \/>\nCommencez par une dose de 2,5 Kg et augmentez ou r\u00e9duisez 0,5 Kg en fonction des r\u00e9sultats obtenus<\/p>\n<p><span style=\"color: #94c01e; font-size: 20px;\">Emballage<\/span><br \/>\n Sacs de 25 kg<\/p>\n","protected":false},"excerpt":{"rendered":"<p>MASTERCUBE est un liant \u00e0 faible inclusion compos\u00e9 d\u2019un m\u00e9lange synergique de gommes polysaccharidiques, d\u2019amidon purifi\u00e9 et d\u2019un durcisseur min\u00e9ral, adapt\u00e9 \u00e0 la granulation d\u2019aliments compos\u00e9s<\/p>\n","protected":false},"featured_media":2386,"comment_status":"closed","ping_status":"closed","template":"","meta":[],"product_cat":[58],"product_tag":[],"class_list":["post-2471","product","type-product","status-publish","has-post-thumbnail","hentry","product_cat-industria-racoes-fr"],"_links":{"self":[{"href":"https:\/\/nutriconsult.pt\/fr\/wp-json\/wp\/v2\/product\/2471","targetHints":{"allow":["GET"]}}],"collection":[{"href":"https:\/\/nutriconsult.pt\/fr\/wp-json\/wp\/v2\/product"}],"about":[{"href":"https:\/\/nutriconsult.pt\/fr\/wp-json\/wp\/v2\/types\/product"}],"replies":[{"embeddable":true,"href":"https:\/\/nutriconsult.pt\/fr\/wp-json\/wp\/v2\/comments?post=2471"}],"wp:featuredmedia":[{"embeddable":true,"href":"https:\/\/nutriconsult.pt\/fr\/wp-json\/wp\/v2\/media\/2386"}],"wp:attachment":[{"href":"https:\/\/nutriconsult.pt\/fr\/wp-json\/wp\/v2\/media?parent=2471"}],"wp:term":[{"taxonomy":"product_cat","embeddable":true,"href":"https:\/\/nutriconsult.pt\/fr\/wp-json\/wp\/v2\/product_cat?post=2471"},{"taxonomy":"product_tag","embeddable":true,"href":"https:\/\/nutriconsult.pt\/fr\/wp-json\/wp\/v2\/product_tag?post=2471"}],"curies":[{"name":"wp","href":"https:\/\/api.w.org\/{rel}","templated":true}]}}