{"id":2476,"date":"2021-12-17T12:04:35","date_gmt":"2021-12-17T12:04:35","guid":{"rendered":"https:\/\/nutriconsult.pt\/produto\/mycobond\/"},"modified":"2021-12-21T10:56:58","modified_gmt":"2021-12-21T10:56:58","slug":"mycobond","status":"publish","type":"product","link":"https:\/\/nutriconsult.pt\/fr\/produto\/mycobond\/","title":{"rendered":"Mycobond"},"content":{"rendered":"<p><span style=\"color: #94c01e; font-size: 20px;\">Composici\u00f3n<\/span><br \/>\nMYCOBOND est un m\u00e9lange naturel de silicates min\u00e9raux dans la cat\u00e9gorie des liants, d\u00e9moussants et coagulants (E562) sp\u00e9cifiquement trait\u00e9s pour atteindre la capacit\u00e9 de fixation maximale des mycotoxines pr\u00e9sentes dans les mati\u00e8res premi\u00e8res  et animaux.<\/p>\n<p><span style=\"color: #94c01e; font-size: 20px;\">Principaux avantages<\/span><br \/>\n&#8211; R\u00e9duction des effets et de la symptomatologie des mycotoxicoses<br \/>\n&#8211; R\u00e9tablir le taux de croissance<br \/>\n&#8211; Am\u00e9liorer l\u2019efficacit\u00e9 alimentaire<br \/>\n&#8211; R\u00e9duction de la mortalit\u00e9<br \/>\n&#8211; R\u00e9duction des troubles digestifs<br \/>\n&#8211; R\u00e9duction des probl\u00e8mes de reproduction<br \/>\n&#8211; R\u00e9duction de l\u2019immunosuppression<\/p>\n<p><span style=\"color: #94c01e; font-size: 20px;\">Emballage<\/span><br \/>\n 2 \u00e0 5 kg par tonne d\u2019aliment compos\u00e9<\/p>\n<p><span style=\"color: #94c01e; font-size: 20px;\">Envase<\/span><br \/>\n Sacs de 25 kg<\/p>\n","protected":false},"excerpt":{"rendered":"<p>MYCOBOND est un m\u00e9lange naturel de silicates min\u00e9raux dans la cat\u00e9gorie des liants, d\u00e9moussants et coagulants (E562) sp\u00e9cifiquement trait\u00e9s pour atteindre la capacit\u00e9 de fixation maximale des mycotoxines pr\u00e9sentes dans les mati\u00e8res premi\u00e8res  et animaux.<\/p>\n","protected":false},"featured_media":2743,"comment_status":"closed","ping_status":"closed","template":"","meta":[],"product_cat":[60,57,61,45],"product_tag":[],"class_list":["post-2476","product","type-product","status-publish","has-post-thumbnail","hentry","product_cat-conejos-fr","product_cat-suinos-es-fr","product_cat-ruminantes-es-fr","product_cat-aves-fr"],"_links":{"self":[{"href":"https:\/\/nutriconsult.pt\/fr\/wp-json\/wp\/v2\/product\/2476","targetHints":{"allow":["GET"]}}],"collection":[{"href":"https:\/\/nutriconsult.pt\/fr\/wp-json\/wp\/v2\/product"}],"about":[{"href":"https:\/\/nutriconsult.pt\/fr\/wp-json\/wp\/v2\/types\/product"}],"replies":[{"embeddable":true,"href":"https:\/\/nutriconsult.pt\/fr\/wp-json\/wp\/v2\/comments?post=2476"}],"wp:featuredmedia":[{"embeddable":true,"href":"https:\/\/nutriconsult.pt\/fr\/wp-json\/wp\/v2\/media\/2743"}],"wp:attachment":[{"href":"https:\/\/nutriconsult.pt\/fr\/wp-json\/wp\/v2\/media?parent=2476"}],"wp:term":[{"taxonomy":"product_cat","embeddable":true,"href":"https:\/\/nutriconsult.pt\/fr\/wp-json\/wp\/v2\/product_cat?post=2476"},{"taxonomy":"product_tag","embeddable":true,"href":"https:\/\/nutriconsult.pt\/fr\/wp-json\/wp\/v2\/product_tag?post=2476"}],"curies":[{"name":"wp","href":"https:\/\/api.w.org\/{rel}","templated":true}]}}